{"id":24796,"date":"2021-09-11T15:48:09","date_gmt":"2021-09-11T15:48:09","guid":{"rendered":"https:\/\/riverside-seon.ch\/?page_id=24796"},"modified":"2021-11-20T14:24:42","modified_gmt":"2021-11-20T14:24:42","slug":"standort","status":"publish","type":"page","link":"https:\/\/riverside-seon.ch\/?page_id=24796","title":{"rendered":"Standort"},"content":{"rendered":"\n<div class=\"wp-block-group is-layout-flow wp-block-group-is-layout-flow\">\n<div class=\"wp-block-group is-layout-flow wp-block-group-is-layout-flow\">\n<h3 class=\"wp-block-heading\">Seon<\/h3>\n\n\n\n<p>Seon ist das gr\u00f6sste Dorf des aargauischen Seetals mit 5200 Einwohnenden.&nbsp;Seon liegt umringt von Orten mit Schl\u00f6sser und Burgen. Es bietet viel Erlebnisse in einen von zahlreichen Vereinen, einem Hallenbad, Heimatmuseum und dem Ufer vom Aabach an vielseitigen Freizeitangeboten.&nbsp;Die Gemeinde verf\u00fcgt mit der Schule Seon&nbsp;\u00fcber f\u00fcnf Kinderg\u00e4rten und drei Schulh\u00e4user, in denen s\u00e4mtliche Stufen der obligatorischen Volksschule unterrichtet werden.<\/p>\n<\/div>\n<\/div>\n\n\n\n<figure class=\"wp-block-gallery columns-3 is-cropped wp-block-gallery-1 is-layout-flex wp-block-gallery-is-layout-flex\"><ul class=\"blocks-gallery-grid\"><li class=\"blocks-gallery-item\"><figure><img fetchpriority=\"high\" decoding=\"async\" width=\"1024\" height=\"682\" src=\"https:\/\/riverside-seon.ch\/wp-content\/uploads\/2021\/09\/Schloss-Hallwly-1024x682.jpg\" alt=\"\" data-id=\"24791\" data-full-url=\"https:\/\/riverside-seon.ch\/wp-content\/uploads\/2021\/09\/Schloss-Hallwly.jpg\" data-link=\"https:\/\/riverside-seon.ch\/?attachment_id=24791\" class=\"wp-image-24791\" srcset=\"https:\/\/riverside-seon.ch\/wp-content\/uploads\/2021\/09\/Schloss-Hallwly-1024x682.jpg 1024w, https:\/\/riverside-seon.ch\/wp-content\/uploads\/2021\/09\/Schloss-Hallwly-300x200.jpg 300w, https:\/\/riverside-seon.ch\/wp-content\/uploads\/2021\/09\/Schloss-Hallwly-768x512.jpg 768w, https:\/\/riverside-seon.ch\/wp-content\/uploads\/2021\/09\/Schloss-Hallwly-1536x1024.jpg 1536w, https:\/\/riverside-seon.ch\/wp-content\/uploads\/2021\/09\/Schloss-Hallwly.jpg 1760w\" sizes=\"(max-width: 1024px) 100vw, 1024px\" \/><\/figure><\/li><li class=\"blocks-gallery-item\"><figure><img decoding=\"async\" width=\"420\" height=\"420\" src=\"https:\/\/riverside-seon.ch\/wp-content\/uploads\/2021\/09\/Velo1.jpg\" alt=\"\" data-id=\"24795\" data-full-url=\"https:\/\/riverside-seon.ch\/wp-content\/uploads\/2021\/09\/Velo1.jpg\" data-link=\"https:\/\/riverside-seon.ch\/?attachment_id=24795\" class=\"wp-image-24795\" srcset=\"https:\/\/riverside-seon.ch\/wp-content\/uploads\/2021\/09\/Velo1.jpg 420w, https:\/\/riverside-seon.ch\/wp-content\/uploads\/2021\/09\/Velo1-300x300.jpg 300w, https:\/\/riverside-seon.ch\/wp-content\/uploads\/2021\/09\/Velo1-150x150.jpg 150w\" sizes=\"(max-width: 420px) 100vw, 420px\" \/><\/figure><\/li><li class=\"blocks-gallery-item\"><figure><img decoding=\"async\" width=\"900\" height=\"556\" src=\"https:\/\/riverside-seon.ch\/wp-content\/uploads\/2021\/09\/Bahnhof.jpg\" alt=\"\" data-id=\"24810\" data-full-url=\"https:\/\/riverside-seon.ch\/wp-content\/uploads\/2021\/09\/Bahnhof.jpg\" data-link=\"https:\/\/riverside-seon.ch\/?attachment_id=24810\" class=\"wp-image-24810\" srcset=\"https:\/\/riverside-seon.ch\/wp-content\/uploads\/2021\/09\/Bahnhof.jpg 900w, https:\/\/riverside-seon.ch\/wp-content\/uploads\/2021\/09\/Bahnhof-300x185.jpg 300w, https:\/\/riverside-seon.ch\/wp-content\/uploads\/2021\/09\/Bahnhof-768x474.jpg 768w\" sizes=\"(max-width: 900px) 100vw, 900px\" \/><\/figure><\/li><li class=\"blocks-gallery-item\"><figure><img loading=\"lazy\" decoding=\"async\" width=\"700\" height=\"385\" src=\"https:\/\/riverside-seon.ch\/wp-content\/uploads\/2021\/09\/Coop-Seon.jpg\" alt=\"\" data-id=\"24785\" data-full-url=\"https:\/\/riverside-seon.ch\/wp-content\/uploads\/2021\/09\/Coop-Seon.jpg\" data-link=\"https:\/\/riverside-seon.ch\/?attachment_id=24785\" class=\"wp-image-24785\" srcset=\"https:\/\/riverside-seon.ch\/wp-content\/uploads\/2021\/09\/Coop-Seon.jpg 700w, https:\/\/riverside-seon.ch\/wp-content\/uploads\/2021\/09\/Coop-Seon-300x165.jpg 300w\" sizes=\"(max-width: 700px) 100vw, 700px\" \/><\/figure><\/li><li class=\"blocks-gallery-item\"><figure><img loading=\"lazy\" decoding=\"async\" width=\"904\" height=\"1001\" src=\"https:\/\/riverside-seon.ch\/wp-content\/uploads\/2021\/09\/Aabach2.jpg\" alt=\"\" data-id=\"24784\" data-full-url=\"https:\/\/riverside-seon.ch\/wp-content\/uploads\/2021\/09\/Aabach2.jpg\" data-link=\"https:\/\/riverside-seon.ch\/?attachment_id=24784\" class=\"wp-image-24784\" srcset=\"https:\/\/riverside-seon.ch\/wp-content\/uploads\/2021\/09\/Aabach2.jpg 904w, https:\/\/riverside-seon.ch\/wp-content\/uploads\/2021\/09\/Aabach2-271x300.jpg 271w, https:\/\/riverside-seon.ch\/wp-content\/uploads\/2021\/09\/Aabach2-768x850.jpg 768w\" sizes=\"(max-width: 904px) 100vw, 904px\" \/><\/figure><\/li><li class=\"blocks-gallery-item\"><figure><img loading=\"lazy\" decoding=\"async\" width=\"480\" height=\"360\" src=\"https:\/\/riverside-seon.ch\/wp-content\/uploads\/2021\/09\/Dorfbrunnen.jpg\" alt=\"\" data-id=\"24786\" data-full-url=\"https:\/\/riverside-seon.ch\/wp-content\/uploads\/2021\/09\/Dorfbrunnen.jpg\" data-link=\"https:\/\/riverside-seon.ch\/?attachment_id=24786\" class=\"wp-image-24786\" srcset=\"https:\/\/riverside-seon.ch\/wp-content\/uploads\/2021\/09\/Dorfbrunnen.jpg 480w, https:\/\/riverside-seon.ch\/wp-content\/uploads\/2021\/09\/Dorfbrunnen-300x225.jpg 300w\" sizes=\"(max-width: 480px) 100vw, 480px\" \/><\/figure><\/li><\/ul><\/figure>\n\n\n\n<h3 class=\"wp-block-heading\">Riverside Seon<\/h3>\n\n\n\n<p>Am s\u00fcd\u00f6stlichen Dorfrand von Seon, unmittelbar an der Landwirtschaftszone am Oberfeldweg entstehen zwei Mehrfahmilienh\u00e4user mit je 8 Wohnungen. Am n\u00f6rdlichen Parzellenrand fliesst der Aabach vorbei. Als Splitt Level folgen die beiden H\u00e4user der abfallenden Topographie Richtung Seon. Die Wohnungen sind alle gegen S\u00fcden bis Westen ausgerichtet.<\/p>\n\n\n\n<div class=\"wp-block-algori-image-video-slider-block-algori-image-video-slider dots-style-1-off-slide arrows-style-1-off-slide\" data-slick=\"{&quot;dots&quot;:true,&quot;arrows&quot;:true,&quot;autoplay&quot;:false,&quot;pauseOnFocus&quot;:false,&quot;rtl&quot;:false,&quot;vertical&quot;:false,&quot;fade&quot;:false,&quot;lazyLoad&quot;:false,&quot;centerMode&quot;:false,&quot;infinite&quot;:true,&quot;adaptiveHeight&quot;:true,&quot;speed&quot;:500,&quot;autoplaySpeed&quot;:3000,&quot;slidesToShow&quot;:1,&quot;slidesToScroll&quot;:1,&quot;rows&quot;:1,&quot;slidesPerRow&quot;:1}\"><div><figure class=\"algori-image-video-slider-slide-container\"><img decoding=\"async\" src=\"https:\/\/riverside-seon.ch\/wp-content\/uploads\/2021\/11\/4-Final-scaled.jpg\" alt=\"\"\/><\/figure><\/div><div><figure class=\"algori-image-video-slider-slide-container\"><img decoding=\"async\" src=\"https:\/\/riverside-seon.ch\/wp-content\/uploads\/2021\/11\/3-Final-scaled.jpg\" alt=\"\"\/><\/figure><\/div><div><figure class=\"algori-image-video-slider-slide-container\"><img decoding=\"async\" src=\"https:\/\/riverside-seon.ch\/wp-content\/uploads\/2021\/11\/2-Final-scaled.jpg\" alt=\"\"\/><\/figure><\/div><div><figure class=\"algori-image-video-slider-slide-container\"><img decoding=\"async\" src=\"https:\/\/riverside-seon.ch\/wp-content\/uploads\/2021\/11\/1-Final-scaled.jpg\" alt=\"\"\/><\/figure><\/div><\/div>\n","protected":false},"excerpt":{"rendered":"<p>Seon Seon ist das gr\u00f6sste Dorf des aargauischen Seetals mit 5200 Einwohnenden.&nbsp;Seon liegt umringt von Orten mit Schl\u00f6sser und Burgen. Es bietet viel Erlebnisse in einen von zahlreichen Vereinen, einem Hallenbad, Heimatmuseum und dem Ufer vom Aabach an vielseitigen Freizeitangeboten.&nbsp;Die Gemeinde verf\u00fcgt mit der Schule Seon&nbsp;\u00fcber f\u00fcnf Kinderg\u00e4rten und drei Schulh\u00e4user, in denen s\u00e4mtliche Stufen [&hellip;]<\/p>\n","protected":false},"author":1,"featured_media":0,"parent":0,"menu_order":0,"comment_status":"closed","ping_status":"closed","template":"","meta":{"_monsterinsights_skip_tracking":false,"_monsterinsights_sitenote_active":false,"_monsterinsights_sitenote_note":"","_monsterinsights_sitenote_category":0,"site-sidebar-layout":"default","site-content-layout":"plain-container","ast-site-content-layout":"default","site-content-style":"default","site-sidebar-style":"default","ast-global-header-display":"","ast-banner-title-visibility":"","ast-main-header-display":"","ast-hfb-above-header-display":"","ast-hfb-below-header-display":"","ast-hfb-mobile-header-display":"","site-post-title":"disabled","ast-breadcrumbs-content":"","ast-featured-img":"","footer-sml-layout":"","theme-transparent-header-meta":"default","adv-header-id-meta":"","stick-header-meta":"","header-above-stick-meta":"","header-main-stick-meta":"","header-below-stick-meta":"","astra-migrate-meta-layouts":"default","ast-page-background-enabled":"default","ast-page-background-meta":{"desktop":{"background-color":"","background-image":"","background-repeat":"repeat","background-position":"center center","background-size":"auto","background-attachment":"scroll","background-type":"","background-media":"","overlay-type":"","overlay-color":"","overlay-opacity":"","overlay-gradient":""},"tablet":{"background-color":"","background-image":"","background-repeat":"repeat","background-position":"center center","background-size":"auto","background-attachment":"scroll","background-type":"","background-media":"","overlay-type":"","overlay-color":"","overlay-opacity":"","overlay-gradient":""},"mobile":{"background-color":"","background-image":"","background-repeat":"repeat","background-position":"center center","background-size":"auto","background-attachment":"scroll","background-type":"","background-media":"","overlay-type":"","overlay-color":"","overlay-opacity":"","overlay-gradient":""}},"ast-content-background-meta":{"desktop":{"background-color":"var(--ast-global-color-5)","background-image":"","background-repeat":"repeat","background-position":"center center","background-size":"auto","background-attachment":"scroll","background-type":"","background-media":"","overlay-type":"","overlay-color":"","overlay-opacity":"","overlay-gradient":""},"tablet":{"background-color":"var(--ast-global-color-5)","background-image":"","background-repeat":"repeat","background-position":"center center","background-size":"auto","background-attachment":"scroll","background-type":"","background-media":"","overlay-type":"","overlay-color":"","overlay-opacity":"","overlay-gradient":""},"mobile":{"background-color":"var(--ast-global-color-5)","background-image":"","background-repeat":"repeat","background-position":"center center","background-size":"auto","background-attachment":"scroll","background-type":"","background-media":"","overlay-type":"","overlay-color":"","overlay-opacity":"","overlay-gradient":""}},"footnotes":""},"class_list":["post-24796","page","type-page","status-publish","hentry"],"_links":{"self":[{"href":"https:\/\/riverside-seon.ch\/index.php?rest_route=\/wp\/v2\/pages\/24796","targetHints":{"allow":["GET"]}}],"collection":[{"href":"https:\/\/riverside-seon.ch\/index.php?rest_route=\/wp\/v2\/pages"}],"about":[{"href":"https:\/\/riverside-seon.ch\/index.php?rest_route=\/wp\/v2\/types\/page"}],"author":[{"embeddable":true,"href":"https:\/\/riverside-seon.ch\/index.php?rest_route=\/wp\/v2\/users\/1"}],"replies":[{"embeddable":true,"href":"https:\/\/riverside-seon.ch\/index.php?rest_route=%2Fwp%2Fv2%2Fcomments&post=24796"}],"version-history":[{"count":7,"href":"https:\/\/riverside-seon.ch\/index.php?rest_route=\/wp\/v2\/pages\/24796\/revisions"}],"predecessor-version":[{"id":25084,"href":"https:\/\/riverside-seon.ch\/index.php?rest_route=\/wp\/v2\/pages\/24796\/revisions\/25084"}],"wp:attachment":[{"href":"https:\/\/riverside-seon.ch\/index.php?rest_route=%2Fwp%2Fv2%2Fmedia&parent=24796"}],"curies":[{"name":"wp","href":"https:\/\/api.w.org\/{rel}","templated":true}]}}